{"id":1470,"date":"2026-01-28T20:00:16","date_gmt":"2026-01-28T18:00:16","guid":{"rendered":"https:\/\/www.furgether.at\/?page_id=1470"},"modified":"2026-01-28T22:40:10","modified_gmt":"2026-01-28T20:40:10","slug":"furgether-2026","status":"publish","type":"page","link":"https:\/\/www.furgether.at\/de\/furgether-2026\/","title":{"rendered":"Furgether 2026"},"content":{"rendered":"<div class=\"wp-block-group has-subtle-background-color has-background\"><div class=\"wp-block-group__inner-container is-layout-flow wp-block-group-is-layout-flow\">\n\n\n<p><strong>Schnellnavigation<\/strong><br><a href=\"#vision\">Eine Vision f\u00fcr die Furgether<\/a> &#8211; <a href=\"#facts\">Daten &amp; Basisinformationen<\/a>&nbsp;\u2013&nbsp;<a href=\"#location\" data-type=\"internal\" data-id=\"#location\">Ort &amp; \u00dcbernachtung<\/a>&nbsp;&#8211;&nbsp;<a href=\"#activities\" data-type=\"internal\" data-id=\"#activities\">Aktivit\u00e4ten<\/a> \u2013 <a href=\"#questions\" data-type=\"internal\" data-id=\"#questions\">Fragen<\/a> \u2013&nbsp;<a href=\"#regbutton\">Registrierung<\/a><\/p>\n<\/div><\/div>\n\n\n\n<hr class=\"wp-block-separator has-alpha-channel-opacity\"\/>\n\n\n\n<div class=\"wp-block-group has-subtle-background-color has-background\"><div class=\"wp-block-group__inner-container is-layout-constrained wp-block-group-is-layout-constrained\">\n<h2 class=\"wp-block-heading\" id=\"vision\">Eine Vision f\u00fcr die Furgether<\/h2>\n\n\n\n<p><em>von Aturu<\/em><\/p>\n\n\n\n<p>Liebe Freundinnen und Freunde,<\/p>\n\n\n\n<p>Furgether hat schon immer von den Menschen gelebt, die seinen ruhigen, warmen und naturverbundenen Charakter sch\u00e4tzen. Um diesen zu bewahren, m\u00fcssen wir ein paar klare Anpassungen vornehmen.<\/p>\n\n\n\n<p>Wir werden k\u00fcnftig genauer darauf achten, wer zu uns st\u00f6\u00dft, und konsequent handeln, wenn jemand gegen die Werte verst\u00f6\u00dft, die diese Convention besonders machen. Furgether gedeiht, weil so viele von euch aufrichtig wertsch\u00e4tzen, wof\u00fcr es steht und wir werden nicht zulassen, dass einige wenige dieses Erlebnis schm\u00e4lern.<\/p>\n\n\n\n<p>Das vergangene Jahr hat uns daran erinnert, was Furgether wirklich ausmacht: ruhige Abende, sanfte Atmosph\u00e4re und echtes Miteinander. Die Bar wird daher keine Partymusik oder trinkfokussierten Aktivit\u00e4ten mehr anbieten. Wer genau diese Stimmung sucht, findet anderswo bessere Orte und wir hoffen, diejenigen wieder willkommen zu hei\u00dfen, die den urspr\u00fcnglichen Geist gesch\u00e4tzt haben.<\/p>\n\n\n\n<p>Ich bin fest davon \u00fcberzeugt, dass diese erneuerte Ausrichtung Furgether st\u00e4rker, freundlicher und bedeutungsvoller f\u00fcr alle machen wird, die es zu sch\u00e4tzen wissen.<\/p>\n<\/div><\/div>\n\n\n\n<hr class=\"wp-block-separator has-alpha-channel-opacity\"\/>\n\n\n\n<div class=\"wp-block-group\"><div class=\"wp-block-group__inner-container is-layout-constrained wp-block-group-is-layout-constrained\">\n<h2 class=\"wp-block-heading\" id=\"facts\">Daten &amp; Basisinformationen<\/h2>\n\n\n\n<p><strong>Datum:<\/strong> 16. \/ 17. \u2013 20. September 2026 (fr\u00fche Anreise am Mittwoch m\u00f6glich)<br><strong>Ort:<\/strong> Camp Sibley, Oberdambach 11, 4461 Laussa, \u00d6sterreich <br><strong>Teilnehmer:<\/strong> bis zu 99 Teilnehmer<br><strong>Ticketpreis:<\/strong> 120 \u20ac<\/p>\n\n\n\n<p class=\"has-extra-small-font-size\">* Der Preis f\u00fcr das Ticket beinhaltet: Unterbringung (vergleichbar mit einer Jugendherberge), Verpflegung (Fr\u00fchst\u00fcck und Abendessen, Getr\u00e4nke (Verd\u00fcnnungssaft, Wasser; ausgenommen alkoholischer Getr\u00e4nke) und die Teilnahme an verschiedenen Aktivit\u00e4ten (z.B. Vortrage, Abende am Lagerfeuer, Brettspiele). Im Fall der fr\u00fchen Anreise ist ein kleiner Aufschlag zum normalen Ticketpreis erforderlich.<\/p>\n\n\n\n<p>Furgether ist eine Veranstaltung von der Furry Community f\u00fcr die Furry Community. Was vor ein paar Jahren als kleines Treffen begann, ist stetig gewachsen und ohne die gemeinsame Hilfe aller Teilnehmer w\u00e4re eine Veranstaltung dieser Gr\u00f6\u00dfe nicht mehr m\u00f6glich. Um dies auch weiterhin (zu den geringen Kosten und in der bekannten Qualit\u00e4t) zu erm\u00f6glichen, ist die Furgether eine Helfer-Convention, bei der jeder Teilnehmer auch verpflichtet ist, mitzuhelfen, damit es f\u00fcr alle vor Ort ein gro\u00dfartiges Wochenende wird. Details zur Helferpflicht finden man auf der <a href=\"https:\/\/www.furgether.at\/de\/faq\/\" data-type=\"page\" data-id=\"300\">FAQ-Seite<\/a>.<\/p>\n<\/div><\/div>\n\n\n\n<div class=\"wp-block-group\"><div class=\"wp-block-group__inner-container is-layout-flow wp-block-group-is-layout-flow\">\n<h2 class=\"wp-block-heading\" id=\"location\">Ort &amp; \u00dcbernachtung<\/h2>\n\n\n\n<p>Die Furgether findet im Camp Sibley (<a rel=\"noreferrer noopener\" href=\"https:\/\/www.dascamp.at\/\" target=\"_blank\">https:\/\/www.dascamp.at<\/a>; Camp Sibley, Oberdambach 11, 4461 Laussa, \u00d6sterreich) in Ober\u00f6sterreich statt. Camp Sibley befindet sich im Kalkalpen Nationalpark und hat auf dem Grund von 10.000m2 viel zu bieten.<\/p>\n\n\n\n<p>Wir bieten jugendherbergs\u00e4hnliche Unterk\u00fcnfte (Mehrbettzimmer und Bettenlager) sowie einen Zeltbereich an. Die Zimmervergabe findet vor Ort statt. **<\/p>\n\n\n\n<p class=\"has-extra-small-font-size\">** Wenn du ein Zimmer mit jemanden teilen m\u00f6chtest, lass uns es einfach \u00fcber deine Registrierung oder das Kontaktformular wissen. Bitte beachte aber, dass wir nicht alle Wunschschlafpl\u00e4tze garantieren k\u00f6nnen, aber wir versuchen unser Bestes.<\/p>\n\n\n\n<p>Es gibt einige Dinge, die man mitbringen sollte. Hier eine kurze Packliste:<\/p>\n\n\n\n<ul class=\"wp-block-list\">\n<li>Bettzeug: Leintuch, Kopfpolster\u00fcberzug und Schlafsack (oder Decke + \u00dcberzug)<\/li>\n\n\n\n<li>Hausschuhe (wie zum Beispiel Schlapfen)<\/li>\n\n\n\n<li>Hygieneartikel (und Medikamente, wenn ben\u00f6tigt \/ erforderlich)<\/li>\n\n\n\n<li>Badet\u00fccher, Badekleidung, ...<\/li>\n\n\n\n<li>Und nat\u00fcrlich Kleidung, Schlafkleidung, einen Kigurumi und was man sonst noch so f\u00fcr einen 4 bzw. 5-t\u00e4gigen Trip ben\u00f6tigt.<\/li>\n<\/ul>\n<\/div><\/div>\n\n\n\n\n\n<div class=\"wp-block-group\"><div class=\"wp-block-group__inner-container is-layout-flow wp-block-group-is-layout-flow\">\n<h2 class=\"wp-block-heading\" id=\"activities\">Aktivit\u00e4ten<\/h2>\n\n\n\n<p>Nicht so sicher was dich auf der Furgether erwarten wird? Keine Sorge, es gibt viele Dinge zu entdecken. Hier sind ein paar Beispiele der letzten Jahre:<\/p>\n\n\n\n<ul class=\"wp-block-list\">\n<li>Kletterkurs direkt am Veranstaltungsgel\u00e4nde (mit Zusatzkosten verbunden und findet nur bei gen\u00fcgend Interesse sowie passenden Wetter statt).<\/li>\n\n\n\n<li>Abendliches Zusammenkommen beim Lagerfeuer.<\/li>\n\n\n\n<li>Party H\u00fctte mit verschiedenen Aktivit\u00e4ten am Tag und in der Nacht (z.B. Furdance, Karaoke, Videospiele).<\/li>\n\n\n\n<li>Verschiedene Community Aktivt\u00e4ten wie Panels, gem\u00fctliche Zeit am Lagerfeuer und vieles mehr.<\/li>\n<\/ul>\n\n\n\n<p>Um einen guten Eindruck zu bekommen, empfiehlt sich der Blick auf die <a href=\"https:\/\/www.furgether.at\/de\/history\/\" data-type=\"page\" data-id=\"569\">Fotos der letzten Jahre<\/a>.<\/p>\n\n\n\n<p class=\"translation-block\">Du hast eine Idee f\u00fcr eine Aktivit\u00e4t? Gib uns Bescheid (<a href=\"https:\/\/www.furgether.at\/de\/contact\/\" target=\"_self\">Kontaktformular<\/a>).<\/p>\n<\/div><\/div>\n\n\n\n<div class=\"wp-block-group\"><div class=\"wp-block-group__inner-container is-layout-constrained wp-block-group-is-layout-constrained\">\n<h2 class=\"wp-block-heading\" id=\"questions\">Immer noch Fragen?<\/h2>\n\n\n\n<p>Haben wir etwas vergessen oder hast du noch weitere Fragen? Wirf am besten einen Blick auf unsere&nbsp;<a href=\"https:\/\/www.furgether.at\/de\/faq\/\">FAQ-Seite<\/a>. Noch immer Fragen? Bitte melde dich bei uns (<a href=\"https:\/\/www.furgether.at\/de\/contact\/\">Kontaktformular<\/a>).<\/p>\n<\/div><\/div>\n\n\n\n<div class=\"wp-block-group\"><div class=\"wp-block-group__inner-container is-layout-constrained wp-block-group-is-layout-constrained\">\n<h2 class=\"wp-block-heading\" id=\"regbutton\">Registrierung<\/h2>\n\n\n\n<p>Alles klar und du m\u00f6chtest dich registrieren? Dann w\u00e4hle die entsprechende Schaltfl\u00e4che und du kommst zum Registrierungsformular, welches nochmal wichtige Informationen f\u00fcr die Furgether beinhaltet.<\/p>\n\n\n\n<div class=\"wp-block-buttons is-layout-flex wp-block-buttons-is-layout-flex\">\n<div class=\"wp-block-button\"><a class=\"wp-block-button__link wp-element-button\" href=\"https:\/\/www.furgether.at\/de\/furgether-2026\/registration\/\">Registrierungs-Formular<br>Con-Ticket<\/a><\/div>\n\n\n\n<div class=\"wp-block-button\"><a class=\"wp-block-button__link wp-element-button\" href=\"https:\/\/www.furgether.at\/de\/furgether-2026\/registration-day\/\">Registrierungs-Formular<br>Tages-Ticket<\/a><\/div>\n<\/div>\n<\/div><\/div>","protected":false},"excerpt":{"rendered":"<p>Quick NavigationA Vision For Furgether &#8211; Facts &amp; Basics&nbsp;\u2013&nbsp;Location &amp; Housing&nbsp;&#8211;&nbsp;Activities \u2013 Questions \u2013&nbsp;Registration A Vision For Furgether by Aturu Dear friends, Furgether has always lived from the people who value its calm, warm, and nature\u2011focused spirit. To protect this, we must make a few clear adjustments. We will pay closer attention to who joins&hellip; <a class=\"more-link\" href=\"https:\/\/www.furgether.at\/de\/furgether-2026\/\"><span class=\"screen-reader-text\">Furgether 2026<\/span> weiterlesen<\/a><\/p>","protected":false},"author":2,"featured_media":0,"parent":0,"menu_order":0,"comment_status":"closed","ping_status":"closed","template":"","meta":{"footnotes":""},"class_list":["post-1470","page","type-page","status-publish","hentry","entry"],"jetpack_sharing_enabled":true,"_links":{"self":[{"href":"https:\/\/www.furgether.at\/de\/wp-json\/wp\/v2\/pages\/1470","targetHints":{"allow":["GET"]}}],"collection":[{"href":"https:\/\/www.furgether.at\/de\/wp-json\/wp\/v2\/pages"}],"about":[{"href":"https:\/\/www.furgether.at\/de\/wp-json\/wp\/v2\/types\/page"}],"author":[{"embeddable":true,"href":"https:\/\/www.furgether.at\/de\/wp-json\/wp\/v2\/users\/2"}],"replies":[{"embeddable":true,"href":"https:\/\/www.furgether.at\/de\/wp-json\/wp\/v2\/comments?post=1470"}],"version-history":[{"count":7,"href":"https:\/\/www.furgether.at\/de\/wp-json\/wp\/v2\/pages\/1470\/revisions"}],"predecessor-version":[{"id":1538,"href":"https:\/\/www.furgether.at\/de\/wp-json\/wp\/v2\/pages\/1470\/revisions\/1538"}],"wp:attachment":[{"href":"https:\/\/www.furgether.at\/de\/wp-json\/wp\/v2\/media?parent=1470"}],"curies":[{"name":"wp","href":"https:\/\/api.w.org\/{rel}","templated":true}]}}