{"id":2,"date":"2020-05-05T14:45:26","date_gmt":"2020-05-05T14:45:26","guid":{"rendered":"https:\/\/www.furgether.at\/?page_id=2"},"modified":"2026-02-20T19:33:09","modified_gmt":"2026-02-20T17:33:09","slug":"sample-page","status":"publish","type":"page","link":"https:\/\/www.furgether.at\/de\/","title":{"rendered":"Willkommen zur Furgether!"},"content":{"rendered":"<h1 class=\"wp-block-heading alignwide has-text-align-center\">Willkommen zur Furgether!<\/h1>\n\n\n\n<p>Die Furgether ist eine kleine Furry Convention in \u00d6sterreich. Unsere Philosophie und Motivation? Alte Freunde treffen, neue Freunde finden und einfach gemeinsam eine gute Zeit haben. Man kann beim Lagerfeuer am Abend entspannen, Brettspiele mit anderen spielen, die Natur genie\u00dfen oder sich bei unterschiedlichen Aktivit\u00e4ten beteiligen. Du hast ein gesamtes Wochenende und wir bieten dir die perfekte Basis daf\u00fcr. Die Furgether ist eine Furry Convention von der Furry Community f\u00fcr die Furry Community und jeden der daran interessiert ist.<\/p>\n\n\n\n<figure class=\"wp-block-gallery has-nested-images columns-default is-cropped wp-block-gallery-1 is-layout-flex wp-block-gallery-is-layout-flex\">\n<figure class=\"wp-block-image size-large\"><img loading=\"lazy\" decoding=\"async\" width=\"1024\" height=\"683\" data-id=\"441\" src=\"https:\/\/www.furgether.at\/wp-content\/uploads\/Furgether2020-DSC01890-1024x683.jpg\" alt=\"\" class=\"wp-image-441\" style=\"aspect-ratio:3\/2;object-fit:cover\" srcset=\"https:\/\/www.furgether.at\/wp-content\/uploads\/Furgether2020-DSC01890-1024x683.jpg 1024w, https:\/\/www.furgether.at\/wp-content\/uploads\/Furgether2020-DSC01890-300x200.jpg 300w, https:\/\/www.furgether.at\/wp-content\/uploads\/Furgether2020-DSC01890-768x512.jpg 768w, https:\/\/www.furgether.at\/wp-content\/uploads\/Furgether2020-DSC01890-1536x1024.jpg 1536w, https:\/\/www.furgether.at\/wp-content\/uploads\/Furgether2020-DSC01890-16x12.jpg 16w, https:\/\/www.furgether.at\/wp-content\/uploads\/Furgether2020-DSC01890-1568x1045.jpg 1568w, https:\/\/www.furgether.at\/wp-content\/uploads\/Furgether2020-DSC01890.jpg 1620w\" sizes=\"auto, (max-width: 1024px) 100vw, 1024px\" \/><\/figure>\n\n\n\n<figure class=\"wp-block-image size-large\"><img loading=\"lazy\" decoding=\"async\" width=\"1024\" height=\"683\" data-id=\"440\" src=\"https:\/\/www.furgether.at\/wp-content\/uploads\/Furgether2020-DSC01852-1024x683.jpg\" alt=\"\" class=\"wp-image-440\" style=\"aspect-ratio:3\/2;object-fit:cover\" srcset=\"https:\/\/www.furgether.at\/wp-content\/uploads\/Furgether2020-DSC01852-1024x683.jpg 1024w, https:\/\/www.furgether.at\/wp-content\/uploads\/Furgether2020-DSC01852-300x200.jpg 300w, https:\/\/www.furgether.at\/wp-content\/uploads\/Furgether2020-DSC01852-768x512.jpg 768w, https:\/\/www.furgether.at\/wp-content\/uploads\/Furgether2020-DSC01852-1536x1024.jpg 1536w, https:\/\/www.furgether.at\/wp-content\/uploads\/Furgether2020-DSC01852-16x12.jpg 16w, https:\/\/www.furgether.at\/wp-content\/uploads\/Furgether2020-DSC01852-1568x1045.jpg 1568w, https:\/\/www.furgether.at\/wp-content\/uploads\/Furgether2020-DSC01852.jpg 1620w\" sizes=\"auto, (max-width: 1024px) 100vw, 1024px\" \/><\/figure>\n\n\n\n<figure class=\"wp-block-image size-large\"><img loading=\"lazy\" decoding=\"async\" width=\"1024\" height=\"683\" data-id=\"439\" src=\"https:\/\/www.furgether.at\/wp-content\/uploads\/Furgether2020-DSC01840-1024x683.jpg\" alt=\"\" class=\"wp-image-439\" style=\"aspect-ratio:3\/2;object-fit:cover\" srcset=\"https:\/\/www.furgether.at\/wp-content\/uploads\/Furgether2020-DSC01840-1024x683.jpg 1024w, https:\/\/www.furgether.at\/wp-content\/uploads\/Furgether2020-DSC01840-300x200.jpg 300w, https:\/\/www.furgether.at\/wp-content\/uploads\/Furgether2020-DSC01840-768x512.jpg 768w, https:\/\/www.furgether.at\/wp-content\/uploads\/Furgether2020-DSC01840-1536x1024.jpg 1536w, https:\/\/www.furgether.at\/wp-content\/uploads\/Furgether2020-DSC01840-16x12.jpg 16w, https:\/\/www.furgether.at\/wp-content\/uploads\/Furgether2020-DSC01840-1568x1045.jpg 1568w, https:\/\/www.furgether.at\/wp-content\/uploads\/Furgether2020-DSC01840.jpg 1620w\" sizes=\"auto, (max-width: 1024px) 100vw, 1024px\" \/><\/figure>\n\n\n\n<figure class=\"wp-block-image size-large\"><img loading=\"lazy\" decoding=\"async\" width=\"1024\" height=\"682\" data-id=\"842\" src=\"https:\/\/www.furgether.at\/wp-content\/uploads\/Furgether2021-Killian_DJI_0771-1024x682.png\" alt=\"\" class=\"wp-image-842\" style=\"aspect-ratio:3\/2;object-fit:cover\" srcset=\"https:\/\/www.furgether.at\/wp-content\/uploads\/Furgether2021-Killian_DJI_0771-1024x682.png 1024w, https:\/\/www.furgether.at\/wp-content\/uploads\/Furgether2021-Killian_DJI_0771-300x200.png 300w, https:\/\/www.furgether.at\/wp-content\/uploads\/Furgether2021-Killian_DJI_0771-768x512.png 768w, https:\/\/www.furgether.at\/wp-content\/uploads\/Furgether2021-Killian_DJI_0771-1536x1023.png 1536w, https:\/\/www.furgether.at\/wp-content\/uploads\/Furgether2021-Killian_DJI_0771-18x12.png 18w, https:\/\/www.furgether.at\/wp-content\/uploads\/Furgether2021-Killian_DJI_0771-1568x1044.png 1568w, https:\/\/www.furgether.at\/wp-content\/uploads\/Furgether2021-Killian_DJI_0771.png 1620w\" sizes=\"auto, (max-width: 1024px) 100vw, 1024px\" \/><\/figure>\n\n\n\n<figure class=\"wp-block-image size-large\"><img loading=\"lazy\" decoding=\"async\" width=\"1024\" height=\"424\" data-id=\"1202\" src=\"https:\/\/www.furgether.at\/wp-content\/uploads\/FG23-History-Group-01-1024x424.jpg\" alt=\"\" class=\"wp-image-1202\" style=\"aspect-ratio:3\/2;object-fit:cover\" srcset=\"https:\/\/www.furgether.at\/wp-content\/uploads\/FG23-History-Group-01-1024x424.jpg 1024w, https:\/\/www.furgether.at\/wp-content\/uploads\/FG23-History-Group-01-300x124.jpg 300w, https:\/\/www.furgether.at\/wp-content\/uploads\/FG23-History-Group-01-768x318.jpg 768w, https:\/\/www.furgether.at\/wp-content\/uploads\/FG23-History-Group-01-1536x637.jpg 1536w, https:\/\/www.furgether.at\/wp-content\/uploads\/FG23-History-Group-01-2048x849.jpg 2048w, https:\/\/www.furgether.at\/wp-content\/uploads\/FG23-History-Group-01-18x7.jpg 18w, https:\/\/www.furgether.at\/wp-content\/uploads\/FG23-History-Group-01-1568x650.jpg 1568w\" sizes=\"auto, (max-width: 1024px) 100vw, 1024px\" \/><\/figure>\n\n\n\n<figure class=\"wp-block-image size-large\"><img loading=\"lazy\" decoding=\"async\" width=\"1024\" height=\"683\" data-id=\"798\" src=\"https:\/\/www.furgether.at\/wp-content\/uploads\/Furgether2021-Weidhas-20-1024x683.jpg\" alt=\"\" class=\"wp-image-798\" style=\"aspect-ratio:3\/2;object-fit:cover\" srcset=\"https:\/\/www.furgether.at\/wp-content\/uploads\/Furgether2021-Weidhas-20-1024x683.jpg 1024w, https:\/\/www.furgether.at\/wp-content\/uploads\/Furgether2021-Weidhas-20-300x200.jpg 300w, https:\/\/www.furgether.at\/wp-content\/uploads\/Furgether2021-Weidhas-20-768x512.jpg 768w, https:\/\/www.furgether.at\/wp-content\/uploads\/Furgether2021-Weidhas-20-1536x1024.jpg 1536w, https:\/\/www.furgether.at\/wp-content\/uploads\/Furgether2021-Weidhas-20-18x12.jpg 18w, https:\/\/www.furgether.at\/wp-content\/uploads\/Furgether2021-Weidhas-20-1568x1045.jpg 1568w, https:\/\/www.furgether.at\/wp-content\/uploads\/Furgether2021-Weidhas-20.jpg 1620w\" sizes=\"auto, (max-width: 1024px) 100vw, 1024px\" \/><\/figure>\n\n\n\n<figure class=\"wp-block-image size-large\"><img loading=\"lazy\" decoding=\"async\" width=\"1024\" height=\"442\" data-id=\"1205\" src=\"https:\/\/www.furgether.at\/wp-content\/uploads\/FG23-History-Weidhas-01-1024x442.jpg\" alt=\"\" class=\"wp-image-1205\" style=\"aspect-ratio:3\/2;object-fit:cover\" srcset=\"https:\/\/www.furgether.at\/wp-content\/uploads\/FG23-History-Weidhas-01-1024x442.jpg 1024w, https:\/\/www.furgether.at\/wp-content\/uploads\/FG23-History-Weidhas-01-300x130.jpg 300w, https:\/\/www.furgether.at\/wp-content\/uploads\/FG23-History-Weidhas-01-768x332.jpg 768w, https:\/\/www.furgether.at\/wp-content\/uploads\/FG23-History-Weidhas-01-1536x664.jpg 1536w, https:\/\/www.furgether.at\/wp-content\/uploads\/FG23-History-Weidhas-01-18x8.jpg 18w, https:\/\/www.furgether.at\/wp-content\/uploads\/FG23-History-Weidhas-01-1568x678.jpg 1568w, https:\/\/www.furgether.at\/wp-content\/uploads\/FG23-History-Weidhas-01.jpg 1620w\" sizes=\"auto, (max-width: 1024px) 100vw, 1024px\" \/><\/figure>\n\n\n\n<figure class=\"wp-block-image size-large\"><img loading=\"lazy\" decoding=\"async\" width=\"1024\" height=\"768\" data-id=\"1208\" src=\"https:\/\/www.furgether.at\/wp-content\/uploads\/FG23-History-Weidhas-04-1024x768.jpg\" alt=\"\" class=\"wp-image-1208\" style=\"aspect-ratio:3\/2;object-fit:cover\" srcset=\"https:\/\/www.furgether.at\/wp-content\/uploads\/FG23-History-Weidhas-04-1024x768.jpg 1024w, https:\/\/www.furgether.at\/wp-content\/uploads\/FG23-History-Weidhas-04-300x225.jpg 300w, https:\/\/www.furgether.at\/wp-content\/uploads\/FG23-History-Weidhas-04-768x576.jpg 768w, https:\/\/www.furgether.at\/wp-content\/uploads\/FG23-History-Weidhas-04-1536x1152.jpg 1536w, https:\/\/www.furgether.at\/wp-content\/uploads\/FG23-History-Weidhas-04-16x12.jpg 16w, https:\/\/www.furgether.at\/wp-content\/uploads\/FG23-History-Weidhas-04-1568x1176.jpg 1568w, https:\/\/www.furgether.at\/wp-content\/uploads\/FG23-History-Weidhas-04.jpg 1620w\" sizes=\"auto, (max-width: 1024px) 100vw, 1024px\" \/><\/figure>\n\n\n\n<figure class=\"wp-block-image size-large\"><img loading=\"lazy\" decoding=\"async\" width=\"1024\" height=\"768\" data-id=\"1022\" src=\"https:\/\/www.furgether.at\/wp-content\/uploads\/Furgether2022-Weidhas-HeroShot-1024x768.jpg\" alt=\"\" class=\"wp-image-1022\" style=\"aspect-ratio:3\/2;object-fit:cover\" srcset=\"https:\/\/www.furgether.at\/wp-content\/uploads\/Furgether2022-Weidhas-HeroShot-1024x768.jpg 1024w, https:\/\/www.furgether.at\/wp-content\/uploads\/Furgether2022-Weidhas-HeroShot-300x225.jpg 300w, https:\/\/www.furgether.at\/wp-content\/uploads\/Furgether2022-Weidhas-HeroShot-768x576.jpg 768w, https:\/\/www.furgether.at\/wp-content\/uploads\/Furgether2022-Weidhas-HeroShot-1536x1152.jpg 1536w, https:\/\/www.furgether.at\/wp-content\/uploads\/Furgether2022-Weidhas-HeroShot-2048x1536.jpg 2048w, https:\/\/www.furgether.at\/wp-content\/uploads\/Furgether2022-Weidhas-HeroShot-16x12.jpg 16w, https:\/\/www.furgether.at\/wp-content\/uploads\/Furgether2022-Weidhas-HeroShot-1568x1176.jpg 1568w\" sizes=\"auto, (max-width: 1024px) 100vw, 1024px\" \/><\/figure>\n<\/figure>\n\n\n\n<div class=\"wp-block-group has-black-color has-subtle-background-color has-text-color has-background\"><div class=\"wp-block-group__inner-container is-layout-flow wp-block-group-is-layout-flow\">\n<h3 class=\"wp-block-heading has-text-align-center\">M\u00f6chtest du mehr erfahren und<br>dich f\u00fcr die n\u00e4chste Veranstaltung registrieren?<\/h3>\n\n\n\n<div class=\"wp-block-buttons is-horizontal is-content-justification-center is-layout-flex wp-container-core-buttons-is-layout-03627597 wp-block-buttons-is-layout-flex\">\n<div class=\"wp-block-button is-style-fill\"><a class=\"wp-block-button__link wp-element-button\" href=\"https:\/\/www.furgether.at\/de\/furgether-2026\/\">Furgether 2026<br>16\/17. bis 20. September 2026<br>Camp Sibley, Laussa, \u00d6sterreich<\/a><\/div>\n<\/div>\n\n\n\n<p><\/p>\n<\/div><\/div>\n\n\n\n<p><\/p>","protected":false},"excerpt":{"rendered":"<p>Welcome to Furgether! Furgether is a furry convention in Austria. Our philosophy and motivation? Meet friends, make new ones, and have an enjoyable time. Relax by the campfire in the evening, play boardgames, enjoy the nature or get active in various activities around the location. You have a whole weekend, and we will provide you&hellip; <a class=\"more-link\" href=\"https:\/\/www.furgether.at\/de\/\"><span class=\"screen-reader-text\">Willkommen zur Furgether!<\/span> weiterlesen<\/a><\/p>","protected":false},"author":3,"featured_media":0,"parent":0,"menu_order":0,"comment_status":"closed","ping_status":"open","template":"","meta":{"footnotes":""},"class_list":["post-2","page","type-page","status-publish","hentry","entry"],"jetpack_sharing_enabled":true,"_links":{"self":[{"href":"https:\/\/www.furgether.at\/de\/wp-json\/wp\/v2\/pages\/2","targetHints":{"allow":["GET"]}}],"collection":[{"href":"https:\/\/www.furgether.at\/de\/wp-json\/wp\/v2\/pages"}],"about":[{"href":"https:\/\/www.furgether.at\/de\/wp-json\/wp\/v2\/types\/page"}],"author":[{"embeddable":true,"href":"https:\/\/www.furgether.at\/de\/wp-json\/wp\/v2\/users\/3"}],"replies":[{"embeddable":true,"href":"https:\/\/www.furgether.at\/de\/wp-json\/wp\/v2\/comments?post=2"}],"version-history":[{"count":54,"href":"https:\/\/www.furgether.at\/de\/wp-json\/wp\/v2\/pages\/2\/revisions"}],"predecessor-version":[{"id":1543,"href":"https:\/\/www.furgether.at\/de\/wp-json\/wp\/v2\/pages\/2\/revisions\/1543"}],"wp:attachment":[{"href":"https:\/\/www.furgether.at\/de\/wp-json\/wp\/v2\/media?parent=2"}],"curies":[{"name":"wp","href":"https:\/\/api.w.org\/{rel}","templated":true}]}}