{"id":21,"date":"2020-05-16T12:13:15","date_gmt":"2020-05-16T12:13:15","guid":{"rendered":"https:\/\/www.furgether.at\/?page_id=21"},"modified":"2026-02-22T11:26:36","modified_gmt":"2026-02-22T09:26:36","slug":"policies","status":"publish","type":"page","link":"https:\/\/www.furgether.at\/de\/policies\/","title":{"rendered":"Richtlinien"},"content":{"rendered":"<div class=\"wp-block-group has-subtle-background-color has-background\"><div class=\"wp-block-group__inner-container is-layout-flow wp-block-group-is-layout-flow\">\n<p><strong>Schnellnavigation<\/strong><br><a href=\"#generalconditions\" data-type=\"internal\" data-id=\"#generalconditions\">Allgemeine Bedingungen<\/a> &#8211; <a href=\"#rulesofconduct\" data-type=\"internal\" data-id=\"#rulesofconduct\">Verhaltensregeln<\/a> &#8211; <a href=\"https:\/\/www.furgether.at\/de\/privacy-policy\/\" data-type=\"URL\" data-id=\"https:\/\/www.furgether.at\/privacy-policy\">Datenschutzerkl\u00e4rung<\/a> &#8211; <a href=\"https:\/\/www.furgether.at\/de\/faq\/\" data-type=\"page\" data-id=\"300\">FAQ<\/a><\/p>\n<\/div><\/div>\n\n\n\n<hr class=\"wp-block-separator has-css-opacity is-style-wide\"\/>\n\n\n\n<h2 class=\"wp-block-heading\" id=\"generalconditions\">Allgemeine Bedingungen<\/h2>\n\n\n\n<ol style=\"list-style-type:1\" class=\"wp-block-list\">\n<li>Das Furgether-Team beh\u00e4lt sich das Recht vor, die Anmeldung von Teilnehmer*Innen abzulehnen. Dies kann, aber nicht ausschlie\u00dflich, aufgrund von vergangenen Ereignissen, unangemessenem Verhalten oder anderen schwerwiegenden Gr\u00fcnden (z.B. St\u00f6rung der Veranstaltung, ...) geschehen.<\/li>\n\n\n\n<li>Die Anmeldung zur Veranstaltung ist nur \u00fcber das offizielle Anmeldeformular, welches vom Furgether Team online bereitgestellt wird, m\u00f6glich.<\/li>\n\n\n\n<li>Das Mindestalter f\u00fcr Teilnehmer*Innen betr\u00e4gt 18 Jahre. Die Vollj\u00e4hrigkeit muss am ersten Tag erreicht sein und ein in \u00d6sterreich akzeptiertes amtliches Ausweisdokument (z.B. Personalausweis, F\u00fchrerschein, Reisepass, ...) muss beim Check-in vor Ort vorgelegt werden. Die dort angef\u00fchrten Informationen m\u00fcssen mit den Daten der Anmeldung \u00fcbereinstimmen.<\/li>\n\n\n\n<li>Die Registrierung ist erst mit der Bezahlung der Convention-Geb\u00fchr abgeschlossen. Alle Anmeldungen werden manuell gepr\u00fcft und nach manueller Freigabe die Informationen zwecks Bezahlung an die bei der Registrierung angegebene E-Mail-Adresse versendet. Informationen zum Versand der Zahlungsinformationen werden auch in \u00fcblichen Kan\u00e4len ver\u00f6ffentlicht und ein Blick in den Spam-Ordner schadet sicherlich auch nicht.<\/li>\n\n\n\n<li>Furgether ist ein privates Projekt bzw. eine private Veranstaltung. Die Conventiongeb\u00fchr z\u00e4hlt in diesem Kontext als Spende.<\/li>\n\n\n\n<li>Spezifische Daten wie dein Name, Adresse, Geburtsdatum und die Passnummer werden an den Tourismusverband der \u00f6rtlichen Gemeinde weitergeleitet. Andere Daten, die zur Registrierung notwendig sind, werden nicht weitergegeben.<\/li>\n<\/ol>\n\n\n\n<hr class=\"wp-block-separator has-css-opacity is-style-wide\"\/>\n\n\n\n<h2 class=\"wp-block-heading\" id=\"rulesofconduct\">Verhaltensregeln<\/h2>\n\n\n\n<div class=\"wp-block-group\"><div class=\"wp-block-group__inner-container is-layout-flow wp-block-group-is-layout-flow\">\n<div class=\"wp-block-group\"><div class=\"wp-block-group__inner-container is-layout-flow wp-block-group-is-layout-flow\">\n<h3 class=\"wp-block-heading\">Grundregeln<\/h3>\n<\/div><\/div>\n\n\n\n<ul class=\"wp-block-list\">\n<li>Behandle alle Teilnehmer*Innen mit Respekt.<\/li>\n\n\n\n<li>Du bist f\u00fcr alle Sch\u00e4den, die du verursachst, haftbar.<\/li>\n\n\n\n<li>Den Anweisungen der Staff-Mitglieder ist Folge zu leisten.<\/li>\n\n\n\n<li>Diskriminierungen jeglicher Art werden nicht toleriert.<\/li>\n<\/ul>\n<\/div><\/div>\n\n\n\n<div class=\"wp-block-group\"><div class=\"wp-block-group__inner-container is-layout-flow wp-block-group-is-layout-flow\">\n<h3 class=\"wp-block-heading\">Registrierung und Badges<\/h3>\n\n\n\n<ul class=\"wp-block-list\">\n<li>Am ersten Tag der Convention musst du \u00fcber 18 Jahre alt sein.<\/li>\n\n\n\n<li>Badges sind auf Anweisung vorzuzeigen.<\/li>\n<\/ul>\n<\/div><\/div>\n\n\n\n<div class=\"wp-block-group\"><div class=\"wp-block-group__inner-container is-layout-constrained wp-block-group-is-layout-constrained\">\n<h3 class=\"wp-block-heading\">Stornierung<\/h3>\n\n\n\n<ul class=\"wp-block-list\">\n<li>Du kannst deine Anmeldung \u00fcber das Kontaktformular stornieren.<\/li>\n\n\n\n<li>Eine Stornierung der Anmeldung vor deiner Zahlung ist jederzeit m\u00f6glich.<\/li>\n\n\n\n<li>Im Falle einer Stornierung nach Zahlung der Convention Geb\u00fchr werden 80% der Kosten zur\u00fcckerstattet. Die Kosten f\u00fcr das Early-Arrival-Upgrade werden zur\u00fcckerstattet und die Kosten f\u00fcr das Sponsor-Upgrade werden zur\u00fcckerstattet, wenn du darauf bestehst.<\/li>\n\n\n\n<li>Bei einer Stornierung zwei Wochen vor Beginn der Convention oder sp\u00e4ter wird keine R\u00fcckerstattung gew\u00e4hrt.<\/li>\n\n\n\n<li>Deine Reservierung kann nicht auf andere \u00fcbertragen werden. Deine Anmeldung wird gel\u00f6scht und der n\u00e4chste auf der Warteliste wird bevorzugt.<\/li>\n\n\n\n<li>Im Falle einer Absage der Convention aufgrund von Ereignissen, die au\u00dferhalb der menschlichen Kontrolle liegen, wird die Convention Geb\u00fchr anteilig an alle Teilnehmer zur\u00fcckerstattet, so dass der Convention-Organisation kein finanzieller Verlust entsteht.<\/li>\n<\/ul>\n<\/div><\/div>\n\n\n\n<div class=\"wp-block-group\"><div class=\"wp-block-group__inner-container is-layout-flow wp-block-group-is-layout-flow\">\n<h3 class=\"wp-block-heading\">Hausregeln<\/h3>\n\n\n\n<ul class=\"wp-block-list\">\n<li>Im Haus und den Zimmern herrscht Hausschuh Pflicht.<\/li>\n\n\n\n<li>In Geb\u00e4uden ist das Rauchen verboten! Das Rauchen ist nur in gekennzeichneten Bereichen erlaubt.<\/li>\n\n\n\n<li>Die Ausg\u00e4nge\/Notausg\u00e4nge und Sicherheitseinrichtungen wie Feuerl\u00f6scher\/Brandmelder d\u00fcrfen nicht versperrt oder abgedeckt werden.<\/li>\n\n\n\n<li>Bei Verlassen des Convention-Gel\u00e4ndes ist f\u00fcr eure eigene Sicherheit eine Nachricht an ein Staff-Mitglied zu hinterlassen, damit wir euch nicht suchen m\u00fcssen.<\/li>\n\n\n\n<li>Selbstgebastelte oder elektrische Ger\u00e4te mit hohem verbrauch sind nicht erlaubt! Kleine L\u00fcfter in den Zimmern sind gestattet, oder ihr benutzt einfach die Fursuitlounge.<\/li>\n\n\n\n<li>Bluetooth Boxen o.\u00c4. sind, ohne einer Genehmigung des Staffs, im Au\u00dfenbereich nicht zu verwenden. In geschlossenen R\u00e4umen sind sie auf eine angemessene Lautst\u00e4rke zu reduzieren, sodass sich keiner gest\u00f6rt f\u00fchlt. Es ist eine Convention die euch die stille der Natur und das Leben ohne Technik und Bildschirmen zeigen soll. Es wird f\u00fcr die Tanzlustigen und Musikliebhaber einen Furdance geben.&nbsp;<\/li>\n\n\n\n<li>Am Lagerfeuer ist Ordnung zu halten! Das Wegtragen oder Spielen mit dem Feuer ist verboten. Wir m\u00f6chten nicht, dass Brandflecken am Gel\u00e4nde, an Personen oder an Fursuits entstehen!<\/li>\n\n\n\n<li>Mitgebrachter M\u00fcll muss von allen Teilnehmer*Innen selbst entsorgt werden, es wird keine Mistk\u00fcbel oder eine Sammeldeponie geben! Nehmt am besten nur wenig M\u00fcll mit, ihr m\u00fcsst alles wieder mitnehmen und auf eurem Heimweg entsorgen.<\/li>\n\n\n\n<li>Achtet gemeinsam auf eine grunds\u00e4tzliche Sauberkeit und M\u00fclltrennung!<\/li>\n<\/ul>\n\n\n\n<h3 class=\"wp-block-heading\">Haustiere<\/h3>\n\n\n\n<ul class=\"wp-block-list\">\n<li>Hunde sind unter bestimmten Bedingungen erlaubt.<\/li>\n\n\n\n<li>Wir sagen als Furgether hierbei nicht, dass jeder Hund und Hundehalter willkommen sind, es ist eine absolute Ausnahmeregelung f\u00fcr Personen die einen Hund besitzen, und gerne bei der Furgether teilnehmen m\u00f6chten und KEINEN ANDEREN PFLEGEORT f\u00fcr ihren Hund w\u00e4hrend des Zeitraums organisieren k\u00f6nnen.<\/li>\n\n\n\n<li>Ein Hund darf nur nach einem pers\u00f6nlichen Gespr\u00e4ch mit dem Con-Head mitgebracht werden.<\/li>\n\n\n\n<li>Die Anzahl der Hunde zur Furgether 2024 ist auf 3 (drei) beschr\u00e4nkt.<\/li>\n\n\n\n<li>Die Teilnehmer sind bei Entscheidungsthemen immer im Vorrang.<\/li>\n\n\n\n<li>Wir behalten uns das recht vor Hundehalter von der Convention zu verweisen sollte das Verhalten des Hundes die Teilnehmer in einem erh\u00f6hten Ma\u00dfe St\u00f6ren. (z.B. aggressives Verhalten, st\u00e4ndiges Bellen)<br><\/li>\n\n\n\n<li>Die Teilnehmer und Hundehalter haben sich des gegenseitigen Respekts immer an spezielle Verhaltensregeln zu halten:<\/li>\n\n\n\n<li>Verhaltensregeln f\u00fcr Teilnehmer:<\/li>\n\n\n\n<li>Es wird eine Spezielle Lanyard Farbe geben f\u00fcr Teilnehmer mit Phobien, auf die sollte speziell R\u00fccksicht genommen werden.<\/li>\n\n\n\n<li>Ein Hund ist keine Einladung hinzust\u00fcrmen und diesen einfach zu streicheln! Wenn man mit dem Hund interagieren m\u00f6chte, ist das erst mit dem Hundebesitzer abzustimmen und zu erfragen.<\/li>\n\n\n\n<li>Ein jeder Teilnehmer hat, aufgrund des pers\u00f6nlichen Wohlbefindens, den Anspruch den Hundebesitzer zu bitten Abstand von ihm zu nehmen. Hundehalter sind diesbez\u00fcglich immer im Nachrang.<\/li>\n\n\n\n<li>Regeln f\u00fcr Hundebesitzer:<\/li>\n\n\n\n<li>Hunde sind an gewissen Orten nicht erlaubt. (K\u00fcche, Speisesaal, Fursuit-Lounge, Dancefloor bei aktiver Nutzung (Lautst\u00e4rke).<\/li>\n\n\n\n<li>Es besteht am Furgether-Gel\u00e4nde einen permanente Leinenpflicht, ein Freilaufen des Hundes ist nur zeitlich begrenzt im Poolbereich gestattet. (Deklarierte Hundezone f\u00fcr eine begrenzte Zeit)<\/li>\n\n\n\n<li>Ein Verwenden des K\u00fchlschrankes f\u00fcr Futter ist bedingt m\u00f6glich, ich empfehle die Mitnahme von Portionsgr\u00f6\u00dfen, die aufgebraucht werden k\u00f6nnen oder Trockenfutter.<\/li>\n\n\n\n<li>F\u00fcr die Entsorgung von Kothaufen sind die Hundebesitzer verantwortlich und sollten diese auch restlos entfernen (bei Bedarf mit Wasser sp\u00fclen). Sollte diese Grundhygiene nicht eingehalten werden, kann das ein dauerhaftes Hundeverbot auf der Furgether verursachen.<\/li>\n\n\n\n<li>Eine g\u00fcltige Tollwutimpfung ist Voraussetzung. Zus\u00e4tzlich empfehle ich die Core-Impfungen f\u00fcr Hunde.<\/li>\n\n\n\n<li>Mitnahme von eigenen Handt\u00fcchern zum Abtrocknen bei Schlechtwetter vor dem eintreten in Geb\u00e4ude, Mitnahme von notwendigen Medikamenten, Futtern\u00e4pfen, Kot-Sackerl und nat\u00fcrlich Futter.<\/li>\n\n\n\n<li>Dieses Jahr ist ein gutes Jahr f\u00fcr Hundehalter und wie Hunde im Einklang mit der Furgether und dessen Teilnehmern funktioniert. Ich bitte um gegenseitige R\u00fccksichtnahme, sodass jeder eine sch\u00f6ne Zeit genie\u00dfen kann.<\/li>\n<\/ul>\n\n\n\n<h3 class=\"wp-block-heading\">Roompartys und Versammlungen<\/h3>\n\n\n\n<ul class=\"wp-block-list\">\n<li>Bei Roompartys und kleinen treffen in Gr\u00fcppchen ist die Lautst\u00e4rke in der Nachtruhe-Zeit auf ein angemessenes Ma\u00df zu reduzieren. Es soll sich kein Nachbar gest\u00f6rt f\u00fchlen.<\/li>\n\n\n\n<li>Solltet ihr zu laut sein, wird es eine Verwarnung geben. Bei wiederholten Vorf\u00e4llen ist mit Konsequenzen zu rechnen.&nbsp;<\/li>\n<\/ul>\n<\/div><\/div>\n\n\n\n<div class=\"wp-block-group\"><div class=\"wp-block-group__inner-container is-layout-flow wp-block-group-is-layout-flow\">\n<h3 class=\"wp-block-heading\">Bekleidung und Anstand<\/h3>\n\n\n\n<ul class=\"wp-block-list\">\n<li>Das Tragen von Fursuits, Accessoires oder sonstigen Gegenst\u00e4nden aus echtem Fell oder Tiermaterial ist verboten. F\u00fcr Ausnahmen wenden dich bitte an ein Mitglied des Organisationsteams.<\/li>\n\n\n\n<li>Zu freiz\u00fcgige Kleidung ist verboten.<\/li>\n\n\n\n<li>\u00d6ffentliche Liebesbekundungen sind bis zu einem gewissen Ma\u00df erlaubt, sollte sich jemand dadurch gest\u00f6rt f\u00fchlen ist dies zu unterlassen. Sucht euch ein Zimmer!<\/li>\n\n\n\n<li>Displaying &#8220;NSFW&#8221; objects, drawings or wearing &#8220;anatomically correct&#8221;&nbsp;Fursuits&nbsp;and other fetish equipment like latex, rubber or neoprene&nbsp;is not allowed&nbsp;in public areas. On one evening there is a relaxed dresscode at the bar area. More details can be found here: <a href=\"https:\/\/www.furgether.at\/de\/furgether-2024\/howto\/\" data-type=\"page\" data-id=\"1147\">How To Furgether<\/a>.<\/li>\n\n\n\n<li>Beim Tragen eines Fursuits oder Partsuits ist f\u00fcr eine angemessene K\u00f6rperbedeckung zu sorgen. Das Zeigen von Haut ist verboten. Wir legen einen hohen Wert darauf, diese Kultur beizubehalten, die \u201cMagie\u201d zu bewahren und das \u201cPoodling\u201d ganz klar zu verbieten.<\/li>\n<\/ul>\n<\/div><\/div>\n\n\n\n<div class=\"wp-block-group\"><div class=\"wp-block-group__inner-container is-layout-flow wp-block-group-is-layout-flow\">\n<h3 class=\"wp-block-heading\">Alkohol und andere Substanzen<\/h3>\n\n\n\n<div class=\"wp-block-group\"><div class=\"wp-block-group__inner-container is-layout-flow wp-block-group-is-layout-flow\">\n<div class=\"wp-block-group\"><div class=\"wp-block-group__inner-container is-layout-flow wp-block-group-is-layout-flow\">\n<ul class=\"wp-block-list\">\n<li>Das Mitbringen von eigenen alkoholischen Getr\u00e4nken zur Convention ist verboten.<\/li>\n\n\n\n<li>Trinkt mit Verantwortung!&nbsp;<\/li>\n\n\n\n<li>Wir behalten uns das Recht vor, stark alkoholisierten Teilnehmern den Alkohol zu verwehren. Bei schlimmen Vorf\u00e4llen kann es auch zu Konsequenzen der weiteren Teilnahme der Convention f\u00fchren.<\/li>\n\n\n\n<li>Jeder Teilnehmer, der im Besitz von illegalen Substanzen ist, diese konsumiert oder verkauft, wird von der Convention ausgeschlossen.<\/li>\n<\/ul>\n<\/div><\/div>\n\n\n\n<div class=\"wp-block-group\"><div class=\"wp-block-group__inner-container is-layout-flow wp-block-group-is-layout-flow\">\n<div class=\"wp-block-group\"><div class=\"wp-block-group__inner-container is-layout-flow wp-block-group-is-layout-flow\">\n<div class=\"wp-block-group\"><div class=\"wp-block-group__inner-container is-layout-flow wp-block-group-is-layout-flow\">\n<h3 class=\"wp-block-heading\">Waffen<\/h3>\n\n\n\n<ul class=\"wp-block-list\">\n<li>Waffen jeglicher Art (scharfe Waffen, Schreckschusspistolen, Softair-Waffen, \nSchwerter, Pfefferspray, Elektroschocker, etc.) sind verboten. Dies dient zum Schutz der eigenen Person sowie den \nanderen Teilnehmern.&nbsp;<\/li>\n\n\n\n<li>Alle Gegenst\u00e4nde, die von ihrer Natur aus Schaden an Personen verursachen k\u00f6nnte, wird als Waffe behandelt.<\/li>\n\n\n\n<li>Replikas die keine Funktion haben, m\u00fcssen vom Staff begutachtet werden.<\/li>\n\n\n\n<li>Showk\u00e4mpfe, Schwertspielereien, Feuerspucken oder \u00e4hnliche gef\u00e4hrliche Aktivit\u00e4ten sind nicht gestattet.<\/li>\n<\/ul>\n<\/div><\/div>\n<\/div><\/div>\n<\/div><\/div>\n<\/div><\/div>\n<\/div><\/div>\n\n\n\n<div class=\"wp-block-group\"><div class=\"wp-block-group__inner-container is-layout-flow wp-block-group-is-layout-flow\">\n<h3 class=\"wp-block-heading\">Hassreden und Symbole<\/h3>\n\n\n\n<ul class=\"wp-block-list\">\n<li>Kommunikation in jeglicher Form, die Diskriminierung, Bel\u00e4stigung oder Gewalt aufgrund von Rasse, ethnischer Zugeh\u00f6rigkeit, Geschlechtsidentit\u00e4t, sexueller Orientierung, Alter, Religion oder Nationalit\u00e4t beinhalten, sind strengstens untersagt.<\/li>\n\n\n\n<li>Das Tragen oder Ausf\u00fchren von Symbolen, Gesten oder Spr\u00fcche die eine extremistische Gruppe zugeh\u00f6rig ist, ist verboten.<\/li>\n\n\n\n<li>Dies beinhaltet auch leicht verwechselbare und abgewandelte Symbole die eine \u00c4hnlichkeit zu obigen haben.<\/li>\n<\/ul>\n<\/div><\/div>\n\n\n\n<div class=\"wp-block-group\"><div class=\"wp-block-group__inner-container is-layout-flow wp-block-group-is-layout-flow\">\n<h3 class=\"wp-block-heading\">Fotografie und Videos<\/h3>\n\n\n\n<ul class=\"wp-block-list\">\n<li>Wir haben das Recht, jegliches Bild und Videomaterial der Convention f\u00fcr nicht kommerzielle Zwecke und ohne jemandem einen Schaden zuzuf\u00fcgen zu ver\u00f6ffentlichen.&nbsp;<\/li>\n\n\n\n<li>Das Fotografieren und Filmen in der Fursuit-Lounge ist verboten.<\/li>\n<\/ul>\n<\/div><\/div>\n\n\n\n<hr class=\"wp-block-separator has-css-opacity\"\/>\n\n\n\n<p class=\"has-normal-font-size\">Danke f\u00fcr eure Kooperation! Wir m\u00f6chten, dass unsere Convention eine sichere und gro\u00dfartige Erfahrung f\u00fcr alle wird! Habt Spa\u00df, nett zueinander sein und wir werden eine gro\u00dfartige Zeit haben.<\/p>","protected":false},"excerpt":{"rendered":"<p>Quick NavigationGeneral Conditions &#8211; Rules of Conduct &#8211; Privacy Policy &#8211; FAQ General Conditions Rules of Conduct General rules Registration and badges Cancellation House rules Pets Room parties and gatherings Clothing and decency Alcohol and other substances Guns Hate speech and symbols Photography and videos Thanks for your cooperation! We want our convention to be&hellip; <a class=\"more-link\" href=\"https:\/\/www.furgether.at\/de\/policies\/\"><span class=\"screen-reader-text\">Richtlinien<\/span> weiterlesen<\/a><\/p>","protected":false},"author":3,"featured_media":0,"parent":0,"menu_order":0,"comment_status":"closed","ping_status":"closed","template":"","meta":{"footnotes":""},"class_list":["post-21","page","type-page","status-publish","hentry","entry"],"jetpack_sharing_enabled":true,"_links":{"self":[{"href":"https:\/\/www.furgether.at\/de\/wp-json\/wp\/v2\/pages\/21","targetHints":{"allow":["GET"]}}],"collection":[{"href":"https:\/\/www.furgether.at\/de\/wp-json\/wp\/v2\/pages"}],"about":[{"href":"https:\/\/www.furgether.at\/de\/wp-json\/wp\/v2\/types\/page"}],"author":[{"embeddable":true,"href":"https:\/\/www.furgether.at\/de\/wp-json\/wp\/v2\/users\/3"}],"replies":[{"embeddable":true,"href":"https:\/\/www.furgether.at\/de\/wp-json\/wp\/v2\/comments?post=21"}],"version-history":[{"count":48,"href":"https:\/\/www.furgether.at\/de\/wp-json\/wp\/v2\/pages\/21\/revisions"}],"predecessor-version":[{"id":1547,"href":"https:\/\/www.furgether.at\/de\/wp-json\/wp\/v2\/pages\/21\/revisions\/1547"}],"wp:attachment":[{"href":"https:\/\/www.furgether.at\/de\/wp-json\/wp\/v2\/media?parent=21"}],"curies":[{"name":"wp","href":"https:\/\/api.w.org\/{rel}","templated":true}]}}