{"id":3,"date":"2020-05-05T14:45:26","date_gmt":"2020-05-05T12:45:26","guid":{"rendered":"https:\/\/www.furgether.at\/?page_id=3"},"modified":"2023-04-03T18:29:07","modified_gmt":"2023-04-03T16:29:07","slug":"privacy-policy","status":"publish","type":"page","link":"https:\/\/www.furgether.at\/de\/privacy-policy\/","title":{"rendered":"Datenschutzerkl\u00e4rung"},"content":{"rendered":"<p class=\"translation-block\">Hier findest du alle Informationen zum Thema Datenschutz. Zus\u00e4tzlich auch eine Aufstellung welche Informationen wann durch wen verarbeitet werden. Solltest du noch weitere Fragen haben, kannst du uns gerne <a href=\"https:\/\/www.furgether.at\/de\/contact\/\" target=\"_self\">kontaktieren<\/a>.<\/p>\n\n\n\n<h2 class=\"wp-block-heading\">Geltungsbereich<\/h2>\n\n\n\n<p>Diese Datenschutzerkl\u00e4rung kl\u00e4rt Nutzer \u00fcber die Art, den Umfang und Zweck der Erhebung und Verwendung personenbezogener Daten durch den verantwortlichen Anbieter Florian Schriebl (<a href=\"https:\/\/www.furgether.at\/de\/contact\/\" data-type=\"page\" data-id=\"22\">Kontaktdetails<\/a>; im folgenden \u201eWir\u201c) auf dieser Internetseite auf.<\/p>\n\n\n\n<h2 class=\"wp-block-heading\">Welche personenbezogenen Daten wir warum sammeln<\/h2>\n\n\n\n<p class=\"translation-block\">Wir (beziehungsweise der Hosting-Anbieter easyname, <a rel=\"noreferrer noopener\" href=\"https:\/\/www.easyname.at\/de\/unternehmen\/contact#privacy-policy\" target=\"_blank\">Privacy Policy<\/a>) erheben Daten \u00fcber jeden Zugriff auf diese Internetseite (so genannte Serverlogfiles). Zu den Zugriffsdaten geh\u00f6ren: aufgerufene URL, verweisende URL, Datei, Zeitstempel, \u00fcbertragene Datenmenge, Meldung \u00fcber den erfolgreichen Abruf, Browser nebst Version, das Betriebssystem des Nutzers und die IP Adresse.<\/p>\n\n\n\n<p>Wir verwenden die Protokolldaten nur f\u00fcr statistische Auswertungen zum Zweck des Betriebs, der Sicherheit und der Optimierung dieser Internetseite. Wir behalten uns jedoch vor, die Protokolldaten nachtr\u00e4glich zu \u00fcberpr\u00fcfen, wenn aufgrund konkreter Anhaltspunkte der berechtigte Verdacht einer missbr\u00e4uchlichen Nutzung besteht.<\/p>\n\n\n\n<h3 class=\"wp-block-heading\">Kontaktformular<\/h3>\n\n\n\n<p class=\"translation-block\">Die im Kontaktformular eingetragenen Informationen werden zur Spam-\u00dcberpr\u00fcfung an Akismet von Automattic (<a href=\"https:\/\/automattic.com\/privacy\/\" target=\"_blank\" rel=\"noreferrer noopener\">Privacy Policy<\/a>) gesendet. Nach \u00dcberpr\u00fcfung werden diese Daten in der lokalen Datenbank dieser WordPress-Installation gespeichert und per E-Mail an den Anbieter dieser Internetseite \u00fcbermittelt. In der Datenbank und der E-Mail sind folgende Informationen enthalten: IP Adresse bei Benutzung des Kontaktformulars, Zeitstempel, Name, E-Mail Adresse und die Nachricht. Die IP Adresse wird ben\u00f6tigt um eine missbr\u00e4uchliche Nutzung einzuschr\u00e4nken.<\/p>\n\n\n\n<h3 class=\"wp-block-heading\">Eingebettete Inhalte von anderen Websites<\/h3>\n\n\n\n<p>Auf dieser Website k\u00f6nnen eingebettete Inhalte (z. B. Videos, Bilder, Beitr\u00e4ge etc.) vorkommen. Eingebettete Inhalte von anderen Websites verhalten sich exakt so, als ob der Besucher die andere Website besucht h\u00e4tte.<\/p>\n\n\n\n<p>Diese Websites k\u00f6nnen Daten \u00fcber dich sammeln, Cookies benutzen, zus\u00e4tzliche Tracking-Dienste von Dritten einbetten und deine Interaktion mit dem eingebetteten Inhalt aufzeichnen. Ebenso kann die andere Website diese Informationen deinem Benutzerkonto zuordnen, falls du bei dieser Website ein Benutzerkonto hast und dort angemeldet bist.<\/p>\n\n\n\n<h3 class=\"wp-block-heading\">Analysedienste<\/h3>\n\n\n\n<p class=\"translation-block\">Statistiken werden durch Automattic (<a href=\"https:\/\/automattic.com\/privacy\/\" target=\"_blank\" rel=\"noreferrer noopener\">Privacy Policy<\/a>) erfasst und gesammelt. Hierbei werden folgenden Informationen erfasst: IP Adresse, WordPress.com Benutzer ID (wenn du dort angemeldet bist), WordPress.com Benutzername ( wenn du dort angemeldet bist ), Browser nebst Version, das Betriebssystem des Nutzers, aufgerufene URL, verweisende URL, Zeitpunkt des Zugriffs, Spracheinstellungen und Land. Diese Daten stehen uns als Seitenbetreiber nicht zur Verf\u00fcgung. Details hierzu gibt es auch in der Richtlinie f\u00fcr die <a href=\"https:\/\/jetpack.com\/support\/wordpress-com-stats\/#data-visibility-and-retention\" target=\"_blank\" rel=\"noreferrer noopener\">Datensichtbarkeit und Aufbewahrung<\/a>.<\/p>\n\n\n\n<h3 class=\"wp-block-heading\">Sicherheitsfunktionen<\/h3>\n\n\n\n<p class=\"translation-block\">Um Angriffe zu vermeiden, werden Login-Aktivit\u00e4ten f\u00fcr den Verwaltungsbereich protokolliert und unter Umst\u00e4nden blockiert. Aus diesem Grund ist die Verarbeitung folgenden Informationen durch Automattic (<a href=\"https:\/\/automattic.com\/privacy\/\" target=\"_self\">Privacy Policy<\/a>) erforderlich: IP Adresse, Benutzername, IP-bezogene Informationen die bei der Anmeldung bzw. dem Anmeldeversuch \u00fcbergeben werden.<\/p>\n\n\n\n<h2 class=\"wp-block-heading\">Welche Rechte du an deinen Daten hast<\/h2>\n\n\n\n<p>Wenn du ein Konto auf dieser Website besitzt oder Kommentare geschrieben hast, kannst du einen Export deiner personenbezogenen Daten bei uns anfordern, inklusive aller Daten, die du uns mitgeteilt hast. Dar\u00fcber hinaus kannst du die L\u00f6schung aller personenbezogenen Daten, die wir von dir gespeichert haben, anfordern. Dies umfasst nicht die Daten, die wir aufgrund administrativer, rechtlicher oder sicherheitsrelevanter Notwendigkeiten aufbewahren m\u00fcssen.<\/p>","protected":false},"excerpt":{"rendered":"<p>Here you will find all information about our privacy policy. In addition, you will also find a list of which information is processed when and by whom. Should you have any further questions, please feel free to contact us. Scope This privacy policy explains to users the nature, scope and purpose of the collection and&hellip; <a class=\"more-link\" href=\"https:\/\/www.furgether.at\/de\/privacy-policy\/\"><span class=\"screen-reader-text\">Datenschutzerkl\u00e4rung<\/span> weiterlesen<\/a><\/p>","protected":false},"author":3,"featured_media":0,"parent":0,"menu_order":0,"comment_status":"closed","ping_status":"closed","template":"","meta":{"footnotes":""},"class_list":["post-3","page","type-page","status-publish","hentry","entry"],"jetpack_sharing_enabled":true,"_links":{"self":[{"href":"https:\/\/www.furgether.at\/de\/wp-json\/wp\/v2\/pages\/3","targetHints":{"allow":["GET"]}}],"collection":[{"href":"https:\/\/www.furgether.at\/de\/wp-json\/wp\/v2\/pages"}],"about":[{"href":"https:\/\/www.furgether.at\/de\/wp-json\/wp\/v2\/types\/page"}],"author":[{"embeddable":true,"href":"https:\/\/www.furgether.at\/de\/wp-json\/wp\/v2\/users\/3"}],"replies":[{"embeddable":true,"href":"https:\/\/www.furgether.at\/de\/wp-json\/wp\/v2\/comments?post=3"}],"version-history":[{"count":4,"href":"https:\/\/www.furgether.at\/de\/wp-json\/wp\/v2\/pages\/3\/revisions"}],"predecessor-version":[{"id":976,"href":"https:\/\/www.furgether.at\/de\/wp-json\/wp\/v2\/pages\/3\/revisions\/976"}],"wp:attachment":[{"href":"https:\/\/www.furgether.at\/de\/wp-json\/wp\/v2\/media?parent=3"}],"curies":[{"name":"wp","href":"https:\/\/api.w.org\/{rel}","templated":true}]}}