{"id":300,"date":"2020-07-17T10:06:55","date_gmt":"2020-07-17T10:06:55","guid":{"rendered":"https:\/\/www.furgether.at\/?page_id=300"},"modified":"2026-03-06T11:40:19","modified_gmt":"2026-03-06T09:40:19","slug":"faq","status":"publish","type":"page","link":"https:\/\/www.furgether.at\/de\/faq\/","title":{"rendered":"FAQ"},"content":{"rendered":"<p>Eine Veranstaltung wie die Furgether kann anfangs verwirrend sein und man hat als Teilnehmer viele Fragen. Auf dieser Seite gibt es Antworten auf die meistgestellten Fragen.<br><br>Bevor du die FAQ liest, empfiehlt sich ebenso ein Blick auf die <a href=\"https:\/\/www.furgether.at\/de\/policies\/\">\"Richtlinien\"-Seite<\/a>. Haben wir etwas vergessen oder hast du noch weitere Fragen? Bitte lass es uns wissen (<a href=\"https:\/\/www.furgether.at\/de\/contact\/\">Kontaktformular<\/a>).<\/p>\n\n\n\n<hr class=\"wp-block-separator has-css-opacity is-style-wide\"\/>\n\n\n\n<p><strong>Frage: Was bedeutet die Helferpflicht auf der Furgether?<\/strong><br>Antwort: Die Furgether ist in diesem Umfang nur mit der gemeinsamen Hilfe aller Beteiligten m\u00f6glich. Was als Convention von der Community f\u00fcr die Community begonnen hat, soll auch so weiterleben. Damit alle ein gro\u00dfartiges Wochenende haben, gibt es in diesem Jahr eine Helferpflicht. Das bedeutet, dass jeder Teilnehmer eine bestimmte Zeit lang etwas tun muss, um die Convention zu erm\u00f6glichen. Der Zeitaufwand daf\u00fcr betr\u00e4gt ca. 3 bis 4 Stunden, wird im Vorfeld bekannt gegeben und richtet sich nach dem Bereich der gew\u00fcnschten Unterst\u00fctzung. Weitere Informationen findest du auf der<\/p>\n\n\n\n<p><strong>Frage: Was bedeutet die Helferpflicht f\u00fcr mich als Teilnehmer?<\/strong><br>Antwort: Bei der Anmeldung hast du angegeben, in welchen Bereichen du helfen m\u00f6chtest. Wir werden versuchen, dich in diesem Bereich einzusetzen. Dazu kontaktieren wir dich im Voraus mit den notwendigen Informationen (Bereich, Aufgaben, Kontaktperson, Zeitraum, in dem wir deine Hilfe ben\u00f6tigen). Der zeitliche Umfang wird etwa 3 bis 4 Stunden betragen.<\/p>\n\n\n\n<p><strong>Frage: Aber ich wei\u00df sicherlich nicht, wie ich manche Dinge machen soll. Was passiert, wenn ich in einem Bereich bin, der mir nicht liegt (aus welchen Gr\u00fcnden auch immer)?<\/strong><br>Antwort: Bei der Anmeldung hast du einen Bereich angegeben, in dem du dich absolut nicht wohl f\u00fchlst. Wir werden dich nicht in diesem Bereich unterbringen. Wenn der dir zugewiesene Bereich immer noch ein Problem darstellt, kontaktiere uns bitte, sobald wir uns mit dir in Verbindung gesetzt haben.<\/p>\n\n\n\n<p><strong>Frage: Ich habe gelesen, dass es ein Verbot f\u00fcr die Mitnahme von Alkohol gibt. Warum?<\/strong><br>Antwort: Jede Regel hat einen Hintergrund. Leider hat es in der Vergangenheit in diesem Bereich Probleme gegeben, die absolut vermeidbar gewesen w\u00e4ren. Dies hatte einen negativen Einfluss auf die Erfahrung anderer Teilnehmer und auch Sicherheitsbedenken. Aus diesem Grund ist es nicht erlaubt, alkoholische Getr\u00e4nke mitzubringen.<\/p>\n\n\n\n<p><strong>Frage: Wie werdet ihr diese Regelung (Verbot der Mitnahme von Alkohol) kontrollieren? Ich werde sicherlich nicht mein Gep\u00e4ck durchsuchen lassen.<\/strong><br>Antwort: Wir werden dein Gep\u00e4ck nicht durchsuchen und dich auch nicht filzen. Aber das gesamte Orga-Team wird sich auf dem Gel\u00e4nde bewegen (z. B. Sicherheitskontrollen), und wenn wir feststellen, dass du Alkohol mitgebracht hast, f\u00fchrt dies zu einem sofortigen Ausschluss von der Veranstaltung. Wir tun dies nicht aus Langeweile, sondern aus berechtigten Gr\u00fcnden, um eine sichere und gute Erfahrung f\u00fcr alle Teilnehmer zu gew\u00e4hrleisten.<\/p>\n\n\n\n<p><strong>Frage: Aber ich habe diese eine besondere Flasche, die ich mit Freunden trinken m\u00f6chte. Gibt es da wirklich keine M\u00f6glichkeit?<\/strong><br>Antwort: Grunds\u00e4tzlich besteht ein Verbot, Alkohol mitzubringen. Unsere Bar bietet alkoholische Getr\u00e4nke von guter Qualit\u00e4t zu realistischen Preisen an. Wenn du unbedingt etwas mitbringen m\u00f6chtest, kontaktiere uns bitte, um eine Freigabe\/Ausnahme im Voraus zu erhalten. Dies muss vor der Veranstaltung geschehen, vor Ort ist eine solche Ausnahme nicht mehr gew\u00e4hrleistet. Klicke hier f\u00fcr das <a href=\"https:\/\/www.furgether.at\/de\/contact\/\" data-type=\"page\" data-id=\"22\">Kontaktformular<\/a>.<\/p>\n\n\n\n<p><strong>Frage: Leider kann ich nicht kommen, aber ich habe bereits bezahlt. Kann ich meine Anmeldung \u00fcbertragen?<\/strong><br>Antwort: Dies ist nicht m\u00f6glich. Aber du kannst eine R\u00fcckerstattung beantragen. Bitte benutze hierzu das <a href=\"https:\/\/www.furgether.at\/de\/contact\/\" data-type=\"page\" data-id=\"22\">Kontaktformular<\/a>.<\/p>\n\n\n\n<p><strong>Frage: Ich m\u00f6chte ein Panel veranstalten. Wen muss ich kontaktieren und welche Unterst\u00fctzung gibt es?<\/strong><br>Antwort: Melde dich bitte \u00fcber das <a href=\"https:\/\/www.furgether.at\/de\/panel\/\"><\/a><a href=\"https:\/\/www.furgether.at\/de\/contact\/\">Kontaktformular<\/a>. Ein Mitglied des Orgateams wird sich zeitnah bei dir mit allen Details melden. Je nach Panel besteht neben der Unterst\u00fctzung mit entsprechender Infrastruktur (R\u00e4ume, Strom, \u2026) auch die M\u00f6glichkeit einer finanziellen Unterst\u00fctzung.<\/p>\n\n\n\n<p><strong>Frage: Ich habe mich angemeldet und noch keine E-Mail zur Best\u00e4tigung erhalten.<\/strong><br>Antwort: Es wird auch empfohlen, den Spam-Ordner zu \u00fcberpr\u00fcfen. Wenn du die Registrierungs-E-Mail immer noch nicht erhalten hast, kannst du uns \u00fcber das <a href=\"https:\/\/www.furgether.at\/de\/contact\/\" data-type=\"page\" data-id=\"22\">Kontaktformular<\/a> kontaktieren um deinen Status zu pr\u00fcfen.<\/p>\n\n\n\n<p><strong>Frage: Ich habe bezahlt aber keine Information erhalten ob die Zahlung angekommen ist.<\/strong><br>Antwort: Mach dir keine Sorgen. Wir werden dir eine E-Mail schicken, nachdem wir deinen Status in unserem System ge\u00e4ndert haben. Manchmal dauert dies ein paar Tage. Wenn du die E-Mail mit der Zahlungsbest\u00e4tigung immer noch nicht erhalten hast, kannst du uns gerne \u00fcber das <a href=\"https:\/\/www.furgether.at\/de\/contact\/\" data-type=\"page\" data-id=\"22\">Kontaktformular<\/a> kontaktieren um deinen Status zu pr\u00fcfen.<\/p>\n\n\n\n<p><strong>Frage: Ist eine vorzeitige Abreise (zum Beispiel am Samstag) m\u00f6glich?<\/strong><br>Antwort: Ja.<\/p>\n\n\n\n<hr class=\"wp-block-separator has-css-opacity is-style-wide\"\/>\n\n\n\n<p><strong>Immer noch Fragen?<br><\/strong>Haben wir etwas vergessen oder hast du noch weitere Fragen? Bitte lass es uns wissen (<a href=\"https:\/\/www.furgether.at\/de\/contact\/\">Kontaktformular<\/a>).<\/p>","protected":false},"excerpt":{"rendered":"<p>We understand that a convention like Furgether can be confusing at first and some of you may have questions. So here are the answers to the most frequently asked questions. Before reading the FAQ, you should also look at the &#8220;Policy&#8221;-page. Did we miss something, or do you have further questions? Please let us know&hellip; <a class=\"more-link\" href=\"https:\/\/www.furgether.at\/de\/faq\/\"><span class=\"screen-reader-text\">FAQ<\/span> weiterlesen<\/a><\/p>","protected":false},"author":2,"featured_media":0,"parent":0,"menu_order":0,"comment_status":"closed","ping_status":"closed","template":"","meta":{"footnotes":""},"class_list":["post-300","page","type-page","status-publish","hentry","entry"],"jetpack_sharing_enabled":true,"_links":{"self":[{"href":"https:\/\/www.furgether.at\/de\/wp-json\/wp\/v2\/pages\/300","targetHints":{"allow":["GET"]}}],"collection":[{"href":"https:\/\/www.furgether.at\/de\/wp-json\/wp\/v2\/pages"}],"about":[{"href":"https:\/\/www.furgether.at\/de\/wp-json\/wp\/v2\/types\/page"}],"author":[{"embeddable":true,"href":"https:\/\/www.furgether.at\/de\/wp-json\/wp\/v2\/users\/2"}],"replies":[{"embeddable":true,"href":"https:\/\/www.furgether.at\/de\/wp-json\/wp\/v2\/comments?post=300"}],"version-history":[{"count":15,"href":"https:\/\/www.furgether.at\/de\/wp-json\/wp\/v2\/pages\/300\/revisions"}],"predecessor-version":[{"id":1552,"href":"https:\/\/www.furgether.at\/de\/wp-json\/wp\/v2\/pages\/300\/revisions\/1552"}],"wp:attachment":[{"href":"https:\/\/www.furgether.at\/de\/wp-json\/wp\/v2\/media?parent=300"}],"curies":[{"name":"wp","href":"https:\/\/api.w.org\/{rel}","templated":true}]}}