{"id":727,"date":"2022-09-04T18:04:27","date_gmt":"2022-09-04T16:04:27","guid":{"rendered":"https:\/\/www.furgether.at\/?page_id=727"},"modified":"2025-09-27T09:21:59","modified_gmt":"2025-09-27T07:21:59","slug":"furgether-pay","status":"publish","type":"page","link":"https:\/\/www.furgether.at\/de\/furgether-pay\/","title":{"rendered":"Furgether Pay"},"content":{"rendered":"<p>Auf der Furgether wird ein modernes NFC-Prepaid-Zahlungssystem verwendet. Dieses ist bei unserer Bar f\u00fcr den Kauf von Premiumprodukten wie alkoholische Getr\u00e4nke, Cocktails und Shishas notwendig. Jeder Teilnehmer erh\u00e4lt beim Check-in einen personalisierten NFC-Chip, der f\u00fcr jede Zahlungstransaktion verwendet wird. Das Bezahlen an der Bar ist nur mit dem NFC-Zahlungssystem m\u00f6glich.<\/p>\n\n\n\n<div class=\"wp-block-group has-black-color has-subtle-background-color has-text-color has-background\"><div class=\"wp-block-group__inner-container is-layout-flow wp-block-group-is-layout-flow\">\n<p class=\"has-text-align-center\">Um die Zahlungsanwendung zu \u00f6ffnen, klicke einfach auf die Schaltfl\u00e4che unten.<\/p>\n\n\n\n<div class=\"wp-block-buttons is-horizontal is-content-justification-center is-layout-flex wp-container-core-buttons-is-layout-03627597 wp-block-buttons-is-layout-flex\">\n<div class=\"wp-block-button is-style-fill\"><a class=\"wp-block-button__link wp-element-button\" href=\"#\">pay.furgether.at<br>(derzeit offline)<\/a><\/div>\n<\/div>\n<\/div><\/div>\n\n\n\n<h3 class=\"wp-block-heading\">Mit dem NFC-Chip an der Bar bezahlen<\/h3>\n\n\n\n<p>Das ist ganz einfach, denn du musst nur gen\u00fcgend Guthaben auf deinem Konto haben. Gehe zur Bar, bestelle deine Getr\u00e4nke bei einem unserer freundlichen Barmitarbeiter und bezahle kontaktlos mit deinem NFC-Chip auf dem Smartphone des Barmitarbeiters.<\/p>\n\n\n\n<h3 class=\"wp-block-heading\">Dein Guthaben abfragen<\/h3>\n\n\n\n<p class=\"translation-block\">Bitte wende dich an einen unserer Mitarbeiter an der Bar, um deinen Kontostand zu \u00fcberpr\u00fcfen. Du kannst deinen Kontostand auch jederzeit selbst mit deinem <em>Android-Smartphone mit NFC-Reader<\/em> abfragen. \u00d6ffne die Zahlungsanwendung auf pay.furgether.at und w\u00e4hle \"Check Balance\". Nachdem du deinen Chip mit dem NFC-Leseger\u00e4t deines Smartphones gescannt hast, siehst du deinen Nicknamen, deine interne Recharge ID, den aktuellen Kontostand und einen Button, um dein Guthaben sofort online aufzuladen.<\/p>\n\n\n\n<h3 class=\"wp-block-heading\">Aufladen des NFC-Chips<\/h3>\n\n\n\n<p>Du kannst dein Guthaben jederzeit bei einem autorisierten Mitarbeiter in bar aufladen. Du kannst dies auch beim Check-in machen (was wir empfehlen). Dar\u00fcber hinaus kannst du auch das Online-Zahlungssystem nutzen, um Guthaben auf deinen NFC-Chip aufzuladen.<\/p>\n\n\n\n<p><strong>Aufladen des Guthabens durch einen autorisierten Mitarbeiter<\/strong><br>Please go to Aturu or Weidhas to do the recharge in cash. No NFC chip is needed for the process, the nickname is enough for assignment.<\/p>\n\n\n\n<p class=\"translation-block\"><strong>Aufladen des Guthabens \u00fcber das Online-Zahlungssystem<\/strong><br>Wenn du ein <em>Android-Smartphone mit NFC-Reader<\/em> hast, ist dieser Vorgang ganz einfach. \u00d6ffne die Zahlungs-App auf pay.furgether.at und w\u00e4hle \"Check Balance\". Nachdem du deinen Chip mit dem NFC-Reader deines Smartphones gescannt hast, siehst du deinen Nicknamen, deine interne Recharge ID und den aktuellen Kontostand. Auf dieser Seite kannst du den Aufladevorgang mit dem Button \"Recharge\" starten. Du wirst auf die Aufladeseite weitergeleitet und deine Recharge ID wird automatisch ausgef\u00fcllt. Zahlungsm\u00f6glichkeiten sind PayPal, EPS, Klarna Sofort\u00fcberweisung, Debit- und Kreditkarten. Aus technischen Gr\u00fcnden betr\u00e4gt der Mindestaufladebetrag 20 \u20ac.<br><br>Aufgrund von Hardware-Beschr\u00e4nkungen bei <em>iOS-Ger\u00e4ten<\/em> ist f\u00fcr den Ladevorgang eine manuelle Eingabe der sechsstelligen Recharge ID erforderlich. \u00d6ffne die Zahlungs-App auf pay.furgether.at und w\u00e4hle \"Recharge\". Da die Recharge ID nicht automatisch ausgelesen werden kann, muss sie manuell eingegeben werden. Um deine Recharge ID zu erfahren, kannst du den Mitarbeiter an der Bar bitten, deine Recharge ID auszulesen. Gib deine g\u00fcltige Recharge ID ein und der Aufladevorgang kann gestartet werden. Zahlungsm\u00f6glichkeiten sind PayPal, EPS, Klarna Sofort\u00fcberweisung, Debit- und Kreditkarten. Aus technischen Gr\u00fcnden betr\u00e4gt der Mindestaufladebetrag 20 \u20ac.<\/p>\n\n\n\n<h3 class=\"wp-block-heading\">Guthaben auszahlen<\/h3>\n\n\n\n<p>Nicht genutztes Guthaben wird beim Check-Out gegen R\u00fcckgabe des NFC-Chips ausbezahlt bzw. am Ende der Furgether. Die R\u00fcckzahlung erfolgt Bar, per Bank\u00fcberweisung oder PayPal.<\/p>\n\n\n\n<h3 class=\"wp-block-heading\">Eindr\u00fccke des Systems<\/h3>\n\n\n\n<p>Hier sind ein paar Eindr\u00fccke vom Furgether NFC-Zahlungssystem und den verschiedenen Modulen. Wenn du Interesse hast, es auf deiner Veranstaltung einzusetzen, kontaktiere uns doch bitte \u00fcber das <a href=\"https:\/\/www.furgether.at\/de\/contact\/\" data-type=\"page\" data-id=\"22\">Kontaktformular<\/a>.<\/p>\n\n\n\n<figure class=\"wp-block-gallery has-nested-images columns-5 is-cropped is-style-default wp-block-gallery-1 is-layout-flex wp-block-gallery-is-layout-flex\">\n<figure class=\"wp-block-image size-large is-style-tw-rounded-corners\"><img loading=\"lazy\" decoding=\"async\" width=\"591\" height=\"965\" data-id=\"997\" src=\"https:\/\/www.furgether.at\/wp-content\/uploads\/FPS-Screenshot01.jpg\" alt=\"\" class=\"wp-image-997\" srcset=\"https:\/\/www.furgether.at\/wp-content\/uploads\/FPS-Screenshot01.jpg 591w, https:\/\/www.furgether.at\/wp-content\/uploads\/FPS-Screenshot01-184x300.jpg 184w, https:\/\/www.furgether.at\/wp-content\/uploads\/FPS-Screenshot01-7x12.jpg 7w\" sizes=\"auto, (max-width: 591px) 100vw, 591px\" \/><\/figure>\n\n\n\n<figure class=\"wp-block-image size-large is-style-tw-rounded-corners\"><img loading=\"lazy\" decoding=\"async\" width=\"591\" height=\"965\" data-id=\"998\" src=\"https:\/\/www.furgether.at\/wp-content\/uploads\/FPS-Screenshot02.jpg\" alt=\"\" class=\"wp-image-998\" srcset=\"https:\/\/www.furgether.at\/wp-content\/uploads\/FPS-Screenshot02.jpg 591w, https:\/\/www.furgether.at\/wp-content\/uploads\/FPS-Screenshot02-184x300.jpg 184w, https:\/\/www.furgether.at\/wp-content\/uploads\/FPS-Screenshot02-7x12.jpg 7w\" sizes=\"auto, (max-width: 591px) 100vw, 591px\" \/><\/figure>\n\n\n\n<figure class=\"wp-block-image size-large is-style-tw-rounded-corners\"><img loading=\"lazy\" decoding=\"async\" width=\"591\" height=\"965\" data-id=\"999\" src=\"https:\/\/www.furgether.at\/wp-content\/uploads\/FPS-Screenshot03.jpg\" alt=\"\" class=\"wp-image-999\" srcset=\"https:\/\/www.furgether.at\/wp-content\/uploads\/FPS-Screenshot03.jpg 591w, https:\/\/www.furgether.at\/wp-content\/uploads\/FPS-Screenshot03-184x300.jpg 184w, https:\/\/www.furgether.at\/wp-content\/uploads\/FPS-Screenshot03-7x12.jpg 7w\" sizes=\"auto, (max-width: 591px) 100vw, 591px\" \/><\/figure>\n\n\n\n<figure class=\"wp-block-image size-large is-style-tw-rounded-corners\"><img loading=\"lazy\" decoding=\"async\" width=\"591\" height=\"965\" data-id=\"1000\" src=\"https:\/\/www.furgether.at\/wp-content\/uploads\/FPS-Screenshot04.jpg\" alt=\"\" class=\"wp-image-1000\" srcset=\"https:\/\/www.furgether.at\/wp-content\/uploads\/FPS-Screenshot04.jpg 591w, https:\/\/www.furgether.at\/wp-content\/uploads\/FPS-Screenshot04-184x300.jpg 184w, https:\/\/www.furgether.at\/wp-content\/uploads\/FPS-Screenshot04-7x12.jpg 7w\" sizes=\"auto, (max-width: 591px) 100vw, 591px\" \/><\/figure>\n\n\n\n<figure class=\"wp-block-image size-large is-style-tw-rounded-corners\"><img loading=\"lazy\" decoding=\"async\" width=\"591\" height=\"965\" data-id=\"1001\" src=\"https:\/\/www.furgether.at\/wp-content\/uploads\/FPS-Screenshot05.jpg\" alt=\"\" class=\"wp-image-1001\" srcset=\"https:\/\/www.furgether.at\/wp-content\/uploads\/FPS-Screenshot05.jpg 591w, https:\/\/www.furgether.at\/wp-content\/uploads\/FPS-Screenshot05-184x300.jpg 184w, https:\/\/www.furgether.at\/wp-content\/uploads\/FPS-Screenshot05-7x12.jpg 7w\" sizes=\"auto, (max-width: 591px) 100vw, 591px\" \/><\/figure>\n<\/figure>","protected":false},"excerpt":{"rendered":"<p>At Furgether a modern NFC pre-paid payment system is used at our bar for premium products like alcoholic drinks, cocktails and shishas. Every participant will receive a personalized NFC chip during check-in, which will be used for every payment transaction. Payment at the bar is only possible with the NFC payment system. To open the&hellip; <a class=\"more-link\" href=\"https:\/\/www.furgether.at\/de\/furgether-pay\/\"><span class=\"screen-reader-text\">Furgether Pay<\/span> weiterlesen<\/a><\/p>","protected":false},"author":3,"featured_media":0,"parent":0,"menu_order":0,"comment_status":"closed","ping_status":"closed","template":"","meta":{"footnotes":""},"class_list":["post-727","page","type-page","status-publish","hentry","entry"],"jetpack_sharing_enabled":true,"_links":{"self":[{"href":"https:\/\/www.furgether.at\/de\/wp-json\/wp\/v2\/pages\/727","targetHints":{"allow":["GET"]}}],"collection":[{"href":"https:\/\/www.furgether.at\/de\/wp-json\/wp\/v2\/pages"}],"about":[{"href":"https:\/\/www.furgether.at\/de\/wp-json\/wp\/v2\/types\/page"}],"author":[{"embeddable":true,"href":"https:\/\/www.furgether.at\/de\/wp-json\/wp\/v2\/users\/3"}],"replies":[{"embeddable":true,"href":"https:\/\/www.furgether.at\/de\/wp-json\/wp\/v2\/comments?post=727"}],"version-history":[{"count":22,"href":"https:\/\/www.furgether.at\/de\/wp-json\/wp\/v2\/pages\/727\/revisions"}],"predecessor-version":[{"id":1501,"href":"https:\/\/www.furgether.at\/de\/wp-json\/wp\/v2\/pages\/727\/revisions\/1501"}],"wp:attachment":[{"href":"https:\/\/www.furgether.at\/de\/wp-json\/wp\/v2\/media?parent=727"}],"curies":[{"name":"wp","href":"https:\/\/api.w.org\/{rel}","templated":true}]}}